{"id":3547,"date":"2024-07-18T15:46:12","date_gmt":"2024-07-18T13:46:12","guid":{"rendered":"https:\/\/www.octoeuropa.com\/produits\/eslingas-textiles-reutilizables\/"},"modified":"2024-08-07T17:39:09","modified_gmt":"2024-08-07T15:39:09","slug":"elingues-textiles-reutilisables","status":"publish","type":"page","link":"https:\/\/www.octoeuropa.com\/fr\/produits\/elingues-textiles-reutilisables\/","title":{"rendered":"\u00c9LINGUES TEXTILES R\u00c9UTILISABLES"},"content":{"rendered":"<div class=\"wpb-content-wrapper\"><p>[vc_row][vc_column width=\u00a0\u00bb1\/2&Prime;][vc_column_text css=\u00a0\u00bb\u00a0\u00bb]<\/p>\n<p style=\"text-align: justify;\"><span style=\"font-size: 14pt;\">Les \u00e9lingues r\u00e9utilisables peuvent \u00eatre fabriqu\u00e9es dans des mat\u00e9riaux tels que le polyester, le polypropyl\u00e8ne ou des fibres \u00e0 haute r\u00e9sistance, en fonction des exigences sp\u00e9cifiques en mati\u00e8re de charge et d&rsquo;environnement de travail.<\/span><\/p>\n<p>&nbsp;<\/p>\n<p style=\"text-align: justify;\"><span style=\"font-size: 14pt;\">Elles sont g\u00e9n\u00e9ralement con\u00e7ues avec diff\u00e9rentes configurations de branches (simples, doubles, multiples) et diff\u00e9rents types d&rsquo;extr\u00e9mit\u00e9s (\u0153illets, crochets, anneaux) pour s&rsquo;adapter \u00e0 une grande vari\u00e9t\u00e9 d&rsquo;applications de levage.<\/span><\/p>\n<p>[\/vc_column_text][\/vc_column][vc_column width=\u00a0\u00bb1\/2&Prime;][vc_single_image image=\u00a0\u00bb2674&Prime; img_size=\u00a0\u00bb700&#215;500&Prime; alignment=\u00a0\u00bbcenter\u00a0\u00bb style=\u00a0\u00bbvc_box_outline\u00a0\u00bb css=\u00a0\u00bb\u00a0\u00bb][\/vc_column][\/vc_row][vc_row][vc_column][vc_single_image image=\u00a0\u00bb3409&Prime; img_size=\u00a0\u00bbfull\u00a0\u00bb alignment=\u00a0\u00bbcenter\u00a0\u00bb style=\u00a0\u00bbvc_box_outline\u00a0\u00bb css=\u00a0\u00bb\u00a0\u00bb][\/vc_column][\/vc_row][vc_row][vc_column][vc_column_text css=\u00a0\u00bb\u00a0\u00bb]<\/p>\n<p style=\"text-align: justify;\"><strong>Description, utilisation et r\u00e9glementation des \u00e9lingues r\u00e9utilisables<\/strong><\/p>\n<p style=\"text-align: justify;\">Les \u00e9lingues r\u00e9utilisables sont des dispositifs con\u00e7us pour la manutention et le levage de charges en toute s\u00e9curit\u00e9 dans divers environnements industriels et commerciaux. Elles sont fabriqu\u00e9es \u00e0 partir de mat\u00e9riaux durables qui permettent une utilisation r\u00e9p\u00e9t\u00e9e dans des conditions contr\u00f4l\u00e9es et dans le respect de r\u00e8gles de s\u00e9curit\u00e9 strictes.<\/p>\n<p style=\"text-align: justify;\">Les \u00e9lingues r\u00e9utilisables sont des outils essentiels dans de nombreuses industries pour la manutention en toute s\u00e9curit\u00e9 de charges lourdes. La conformit\u00e9 aux r\u00e9glementations europ\u00e9ennes et espagnoles garantit la s\u00e9curit\u00e9 et la fiabilit\u00e9 de ces \u00e9lingues pour une utilisation continue. Pour plus d&rsquo;informations sur la mani\u00e8re dont nos \u00e9lingues r\u00e9utilisables peuvent profiter \u00e0 votre entreprise, veuillez nous contacter. Nous nous engageons \u00e0 vous fournir des solutions s\u00fbres et efficaces pour vos besoins de levage.<\/p>\n<p style=\"text-align: justify;\"><strong>R\u00e9glementation<\/strong><\/p>\n<p style=\"text-align: justify;\">Les longes r\u00e9utilisables doivent \u00eatre conformes \u00e0 des r\u00e9glementations sp\u00e9cifiques afin de garantir leur s\u00e9curit\u00e9 et leurs performances. Les principales r\u00e9glementations applicables sont les suivantes<\/p>\n<ul>\n<li><strong>Norme europ\u00e9enne :<\/strong>\n<ul style=\"list-style-type: disc;\">\n<li style=\"text-align: justify;\"><strong>EN 1492-1 :<\/strong> \u00c9lingues de levage. Partie 1 : \u00c9lingues de levage en mat\u00e9riaux tiss\u00e9s.<\/li>\n<li style=\"text-align: justify;\"><strong>EN 1492-2 :<\/strong> \u00c9lingues de levage. Partie 2 : \u00e9lingues de levage en corde.<\/li>\n<li style=\"text-align: justify;\">Ces normes d\u00e9finissent les exigences en mati\u00e8re de conception, de fabrication, de marquage et d&rsquo;essais afin de garantir que les \u00e9lingues r\u00e9utilisables sont s\u00fbres et r\u00e9pondent aux normes de r\u00e9sistance et de durabilit\u00e9.<\/li>\n<\/ul>\n<\/li>\n<li style=\"text-align: justify;\"><strong>R\u00e9glementation espagnole :<\/strong>\n<ul style=\"list-style-type: disc;\">\n<li style=\"text-align: justify;\">La r\u00e9glementation espagnole adopte les normes europ\u00e9ennes susmentionn\u00e9es (UNE-EN 1492-1 et UNE-EN 1492-2) dans le cadre des dispositions minimales en mati\u00e8re de sant\u00e9 et de s\u00e9curit\u00e9 au travail pour l&rsquo;utilisation des \u00e9quipements de levage.<\/li>\n<\/ul>\n<\/li>\n<\/ul>\n<p style=\"text-align: justify;\"><strong>Recommandations pour une utilisation s\u00fbre<\/strong><\/p>\n<p style=\"text-align: justify;\">Pour garantir une utilisation s\u00fbre et efficace des \u00e9lingues r\u00e9utilisables, il est important de suivre les recommandations suivantes :<\/p>\n<ul>\n<li style=\"text-align: justify;\"><strong>Inspection r\u00e9guli\u00e8re :<\/strong> avant chaque utilisation, inspecter visuellement le harnais pour v\u00e9rifier qu&rsquo;il n&rsquo;est pas endommag\u00e9, us\u00e9 ou d\u00e9form\u00e9.<\/li>\n<li style=\"text-align: justify;\"><strong>Formation du personnel :<\/strong> former le personnel \u00e0 la manipulation s\u00fbre des \u00e9lingues et \u00e0 l&rsquo;identification correcte des capacit\u00e9s de charge et des configurations appropri\u00e9es.<\/li>\n<li style=\"text-align: justify;\"><strong>Entretien appropri\u00e9 :<\/strong> suivre les recommandations du fabricant pour l&rsquo;entretien et le stockage appropri\u00e9s des \u00e9lingues.<\/li>\n<\/ul>\n<p style=\"text-align: justify;\"><strong>Retrait et mise au rebut :<\/strong> retirer du service toute \u00e9lingue pr\u00e9sentant des signes d&rsquo;usure ou de d\u00e9t\u00e9rioration excessive et la mettre au rebut en toute s\u00e9curit\u00e9 conform\u00e9ment aux r\u00e9glementations locales.<\/p>\n<p>[\/vc_column_text][\/vc_column][\/vc_row][vc_row][vc_column][vc_single_image image=\u00a0\u00bb2731&Prime; img_size=\u00a0\u00bbfull\u00a0\u00bb alignment=\u00a0\u00bbcenter\u00a0\u00bb style=\u00a0\u00bbvc_box_outline\u00a0\u00bb][\/vc_column][\/vc_row][vc_row][vc_column]<div id=\"ultimate-heading-59146a07006fa9c78\" class=\"uvc-heading ult-adjust-bottom-margin ultimate-heading-59146a07006fa9c78 uvc-3437  uvc-heading-default-font-sizes\" data-hspacer=\"no_spacer\"  data-halign=\"left\" style=\"text-align:left\"><div class=\"uvc-heading-spacer no_spacer\" style=\"top\"><\/div><div class=\"uvc-main-heading ult-responsive\"  data-ultimate-target='.uvc-heading.ultimate-heading-59146a07006fa9c78 h2'  data-responsive-json-new='{\"font-size\":\"\",\"line-height\":\"\"}' ><h2 style=\"--font-weight:theme;margin-bottom:15px;\">Demande de devis<\/h2><\/div><div class=\"uvc-sub-heading ult-responsive\"  data-ultimate-target='.uvc-heading.ultimate-heading-59146a07006fa9c78 .uvc-sub-heading '  data-responsive-json-new='{\"font-size\":\"\",\"line-height\":\"\"}'  style=\"font-weight:normal;margin-bottom:35px;\"><\/p>\n<p style=\"text-align: justify;\">Remplissez le formulaire suivant pour nous contacter et nous vous proposerons le produit le mieux adapt\u00e9 \u00e0 vos besoins.<\/p>\n<p style=\"text-align: justify;\">Si vous \u00eates d\u00e9j\u00e0 utilisateur de lani\u00e8res \u00e0 usage unique, si vous nous fournissez les caract\u00e9ristiques des lani\u00e8res que vous utilisez, nous vous enverrons un devis gratuit en moins de 24 heures<\/p>\n<p><\/div><\/div>\n<div class=\"wpcf7 no-js\" id=\"wpcf7-f2858-o1\" lang=\"es-ES\" dir=\"ltr\" data-wpcf7-id=\"2858\">\n<div class=\"screen-reader-response\"><p role=\"status\" aria-live=\"polite\" aria-atomic=\"true\"><\/p> <ul><\/ul><\/div>\n<form action=\"\/fr\/wp-json\/wp\/v2\/pages\/3547#wpcf7-f2858-o1\" method=\"post\" class=\"wpcf7-form init\" aria-label=\"Formulario de contacto\" novalidate=\"novalidate\" data-status=\"init\">\n<fieldset class=\"hidden-fields-container\"><input type=\"hidden\" name=\"_wpcf7\" value=\"2858\" \/><input type=\"hidden\" name=\"_wpcf7_version\" value=\"6.1.6\" \/><input type=\"hidden\" name=\"_wpcf7_locale\" value=\"es_ES\" \/><input type=\"hidden\" name=\"_wpcf7_unit_tag\" value=\"wpcf7-f2858-o1\" \/><input type=\"hidden\" name=\"_wpcf7_container_post\" value=\"0\" \/><input type=\"hidden\" name=\"_wpcf7_posted_data_hash\" value=\"\" \/>\n<\/fieldset>\n<div class=\"gdlr-core-input-wrap gdlr-core-large gdlr-core-full-width gdlr-core-with-column gdlr-core-no-border\">\n\t<div class=\"gdlr-core-column-60\">\n\t\t<p><label><span class=\"wpcf7-form-control-wrap\" data-name=\"your-name\"><input size=\"40\" maxlength=\"400\" class=\"wpcf7-form-control wpcf7-text wpcf7-validates-as-required\" aria-required=\"true\" aria-invalid=\"false\" placeholder=\"Nombre*\" value=\"\" type=\"text\" name=\"your-name\" \/><\/span><\/label>\n\t\t<\/p>\n\t<\/div>\n\t<div class=\"gdlr-core-column-60\">\n\t\t<p><label><span class=\"wpcf7-form-control-wrap\" data-name=\"your-email\"><input size=\"40\" maxlength=\"400\" class=\"wpcf7-form-control wpcf7-email wpcf7-validates-as-required wpcf7-text wpcf7-validates-as-email\" aria-required=\"true\" aria-invalid=\"false\" placeholder=\"Correo electr\u00f3nico*\" value=\"\" type=\"email\" name=\"your-email\" \/><\/span><\/label><label><\/label>\n\t\t<\/p>\n\t<\/div>\n\t<div class=\"gdlr-core-column-60\">\n\t\t<p><label><span class=\"wpcf7-form-control-wrap\" data-name=\"your-phone\"><input size=\"40\" maxlength=\"400\" class=\"wpcf7-form-control wpcf7-text wpcf7-validates-as-required\" aria-required=\"true\" aria-invalid=\"false\" placeholder=\"Tel\u00e9fono*\" value=\"\" type=\"text\" name=\"your-phone\" \/><\/span><\/label><label><\/label>\n\t\t<\/p>\n\t<\/div>\n\t<div class=\"gdlr-core-column-60\">\n\t\t<p><span class=\"wpcf7-form-control-wrap\" data-name=\"como-contactamos-228\"><select class=\"wpcf7-form-control wpcf7-select\" aria-invalid=\"false\" name=\"como-contactamos-228\"><option value=\"\">\u00bfC\u00f3mo contactamos contigo?<\/option><option value=\"Tel\u00e9fono\">Tel\u00e9fono<\/option><option value=\"WhatsApp\">WhatsApp<\/option><option value=\"Email\">Email<\/option><\/select><\/span>\n\t\t<\/p>\n\t<\/div>\n\t<div class=\"gdlr-core-column-60 clearfix\">\n\t\t<p><span class=\"wpcf7-form-control-wrap\" data-name=\"your-message\"><textarea cols=\"40\" rows=\"10\" maxlength=\"2000\" class=\"wpcf7-form-control wpcf7-textarea wpcf7-validates-as-required\" aria-required=\"true\" aria-invalid=\"false\" placeholder=\"Mensaje*\" name=\"your-message\"><\/textarea><\/span>\n\t\t<\/p>\n\t<\/div>\n\t<div class=\"gdlr-core-column-100 clearfix\">\n\t\t<p align=\"justify\" style=\"font-size:10px; color:#333333;\"><span class=\"wpcf7-form-control-wrap\" data-name=\"acceptance-168\"><span class=\"wpcf7-form-control wpcf7-acceptance\"><span class=\"wpcf7-list-item\"><input type=\"checkbox\" name=\"acceptance-168\" value=\"1\" aria-invalid=\"false\" \/><\/span><\/span><\/span> Al marcar esta casilla, el usuario declara haber le\u00eddo y estar de acuerdo con las condiciones expresadas en el <a href=\"http:\/\/www.octoeuropa.com\/aviso-legal\/\" target=\"blank_\" style=\"font-size:10px; color:#333333;\">\u201cAviso Legal\u201d<\/a> y la <a href=\"http:\/\/www.octoeuropa.com\/politica-privacidad\/\" target=\"blank_\" style=\"font-size:10px; color:#333333;\">\u201cPol\u00edtica de privacidad\u201d<\/a> de la presente Web.\n\t\t<\/p>\n\t<\/div>\n\t<div class=\"gdlr-core-column-60 gdlr-core-center-align\">\n\t\t<p><input class=\"wpcf7-form-control wpcf7-submit has-spinner gdlr-core-full\" type=\"submit\" value=\"Enviar\" \/>\n\t\t<\/p>\n\t<\/div>\n<\/div><p style=\"display: none !important;\" class=\"akismet-fields-container\" data-prefix=\"_wpcf7_ak_\"><label>&#916;<textarea name=\"_wpcf7_ak_hp_textarea\" cols=\"45\" rows=\"8\" maxlength=\"100\"><\/textarea><\/label><input type=\"hidden\" id=\"ak_js_1\" name=\"_wpcf7_ak_js\" value=\"31\"\/><script data-jetpack-boost=\"ignore\">\ndocument.getElementById( \"ak_js_1\" ).setAttribute( \"value\", ( new Date() ).getTime() );\n<\/script>\n<\/p><div class=\"wpcf7-response-output\" aria-hidden=\"true\"><\/div>\n<\/form>\n<\/div>\n[\/vc_column][\/vc_row]<\/p>\n<\/div>","protected":false},"excerpt":{"rendered":"<p>[vc_row][vc_column width=\u00a0\u00bb1\/2&Prime;][vc_column_text css=\u00a0\u00bb\u00a0\u00bb] Les \u00e9lingues r\u00e9utilisables peuvent \u00eatre fabriqu\u00e9es dans des mat\u00e9riaux tels que le polyester, le polypropyl\u00e8ne ou des fibres \u00e0 haute r\u00e9sistance, en fonction des exigences sp\u00e9cifiques en mati\u00e8re de charge et d&rsquo;environnement de travail. &nbsp; Elles sont g\u00e9n\u00e9ralement con\u00e7ues avec diff\u00e9rentes configurations de branches (simples, doubles, multiples) et diff\u00e9rents types d&rsquo;extr\u00e9mit\u00e9s (\u0153illets,&hellip;<\/p>\n","protected":false},"author":4,"featured_media":0,"parent":3504,"menu_order":0,"comment_status":"closed","ping_status":"closed","template":"","meta":{"_joinchat":[],"footnotes":""},"class_list":["post-3547","page","type-page","status-publish","hentry","description-off"],"jetpack_sharing_enabled":true,"_links":{"self":[{"href":"https:\/\/www.octoeuropa.com\/fr\/wp-json\/wp\/v2\/pages\/3547","targetHints":{"allow":["GET"]}}],"collection":[{"href":"https:\/\/www.octoeuropa.com\/fr\/wp-json\/wp\/v2\/pages"}],"about":[{"href":"https:\/\/www.octoeuropa.com\/fr\/wp-json\/wp\/v2\/types\/page"}],"author":[{"embeddable":true,"href":"https:\/\/www.octoeuropa.com\/fr\/wp-json\/wp\/v2\/users\/4"}],"replies":[{"embeddable":true,"href":"https:\/\/www.octoeuropa.com\/fr\/wp-json\/wp\/v2\/comments?post=3547"}],"version-history":[{"count":5,"href":"https:\/\/www.octoeuropa.com\/fr\/wp-json\/wp\/v2\/pages\/3547\/revisions"}],"predecessor-version":[{"id":3570,"href":"https:\/\/www.octoeuropa.com\/fr\/wp-json\/wp\/v2\/pages\/3547\/revisions\/3570"}],"up":[{"embeddable":true,"href":"https:\/\/www.octoeuropa.com\/fr\/wp-json\/wp\/v2\/pages\/3504"}],"wp:attachment":[{"href":"https:\/\/www.octoeuropa.com\/fr\/wp-json\/wp\/v2\/media?parent=3547"}],"curies":[{"name":"wp","href":"https:\/\/api.w.org\/{rel}","templated":true}]}}