{"id":3525,"date":"2016-05-19T12:24:04","date_gmt":"2016-05-19T10:24:04","guid":{"rendered":"https:\/\/www.octoeuropa.com\/contact\/"},"modified":"2024-08-07T15:37:56","modified_gmt":"2024-08-07T13:37:56","slug":"contact","status":"publish","type":"page","link":"https:\/\/www.octoeuropa.com\/fr\/contact\/","title":{"rendered":"CONTACT"},"content":{"rendered":"<div class=\"wpb-content-wrapper\"><p>[vc_row][vc_column width=\u00a0\u00bb1\/2&Prime;][vc_raw_html css=\u00a0\u00bb\u00a0\u00bb]JTNDYiUzRUFkcmVzc2UlM0MlMkZiJTNFJTNDYnIlM0UlM0NpJTIwY2xhc3MlM0QlMjJmYXMlMjBmYS1tYXAtbWFya2VyLWFsdCUyMiUzRSUzQyUyRmklM0UlMjBab25lJTIwSW5kJTIwTGElMjBCb3JkYSUyQyUyMEdhcnJhZiUyMDE5JTJDJTIwZW50cmVwJUMzJUI0dCUyMDElM0NiciUzRTA4MTQwJTJDJTIwQ2FsZGVzJTIwZGUlMjBNb250YnVpJTIwJTI4QmFyY2Vsb25hJTI5JTNDYnIlM0UlM0NiciUzRSUwQSUwQSUzQ2IlM0VFLU1haWwlM0MlMkZiJTNFJTNDYnIlM0UlM0NpJTIwY2xhc3MlM0QlMjJmYXMlMjBmYS1lbnZlbG9wZS1vcGVuJTIyJTNFJTNDJTJGaSUzRSUyMGluZm8lNDBvY3RvZXVyb3BhLmNvbSUzQ2JyJTNFJTNDYnIlM0UlM0NiJTNFVCVDMyVBOWwlQzMlQTlwaG9uZSUzQyUyRmIlM0UlM0NiciUzRSUzQ2klMjBjbGFzcyUzRCUyMmZhcyUyMGZhLW1vYmlsZS1hbHQlMjIlM0UlM0MlMkZpJTNFJTIwJTJCMzQlMjA5MyUyMDg2NSUyMDU0JTIwNjQlM0NiciUzRSUzQ2JyJTNFJTNDYiUzRVdoYXRzQXBwJTNDJTJGYiUzRSUzQ2JyJTNFJTNDaSUyMGNsYXNzJTNEJTIyZmFiJTIwZmEtd2hhdHNhcHAlMjIlM0UlM0MlMkZpJTNFJTIwJTJCMzQlMjA2MzklMjAzOTAlMjA1MDMlM0NiciUzRQ==[\/vc_raw_html][vc_single_image image=\u00a0\u00bb2731&Prime; img_size=\u00a0\u00bbfull\u00a0\u00bb alignment=\u00a0\u00bbcenter\u00a0\u00bb style=\u00a0\u00bbvc_box_outline\u00a0\u00bb css=\u00a0\u00bb.vc_custom_1671380765873{margin-top: 40px !important;}\u00a0\u00bb][\/vc_column][vc_column width=\u00a0\u00bb1\/2&Prime; css=\u00a0\u00bb.vc_custom_1671215779578{margin-bottom: 55px !important;}\u00a0\u00bb]<div id=\"ultimate-heading-30486a0700868f3db\" class=\"uvc-heading ult-adjust-bottom-margin ultimate-heading-30486a0700868f3db uvc-5682  uvc-heading-default-font-sizes\" data-hspacer=\"no_spacer\"  data-halign=\"left\" style=\"text-align:left\"><div class=\"uvc-heading-spacer no_spacer\" style=\"top\"><\/div><div class=\"uvc-main-heading ult-responsive\"  data-ultimate-target='.uvc-heading.ultimate-heading-30486a0700868f3db h2'  data-responsive-json-new='{\"font-size\":\"\",\"line-height\":\"\"}' ><h2 style=\"--font-weight:theme;margin-bottom:15px;\">Demande de devis<\/h2><\/div><div class=\"uvc-sub-heading ult-responsive\"  data-ultimate-target='.uvc-heading.ultimate-heading-30486a0700868f3db .uvc-sub-heading '  data-responsive-json-new='{\"font-size\":\"\",\"line-height\":\"\"}'  style=\"font-weight:normal;margin-bottom:35px;\"><\/p>\n<p style=\"text-align: justify;\">Remplissez le formulaire suivant pour nous contacter et nous vous proposerons le produit le mieux adapt\u00e9 \u00e0 vos besoins.<\/p>\n<p style=\"text-align: justify;\">Si vous \u00eates d\u00e9j\u00e0 utilisateur de lani\u00e8res \u00e0 usage unique, si vous nous fournissez les caract\u00e9ristiques des lani\u00e8res que vous utilisez, nous vous enverrons un devis gratuit en moins de 24 heures.<\/p>\n<p><\/div><\/div>\n<div class=\"wpcf7 no-js\" id=\"wpcf7-f2858-o1\" lang=\"es-ES\" dir=\"ltr\" data-wpcf7-id=\"2858\">\n<div class=\"screen-reader-response\"><p role=\"status\" aria-live=\"polite\" aria-atomic=\"true\"><\/p> <ul><\/ul><\/div>\n<form action=\"\/fr\/wp-json\/wp\/v2\/pages\/3525#wpcf7-f2858-o1\" method=\"post\" class=\"wpcf7-form init\" aria-label=\"Formulario de contacto\" novalidate=\"novalidate\" data-status=\"init\">\n<fieldset class=\"hidden-fields-container\"><input type=\"hidden\" name=\"_wpcf7\" value=\"2858\" \/><input type=\"hidden\" name=\"_wpcf7_version\" value=\"6.1.6\" \/><input type=\"hidden\" name=\"_wpcf7_locale\" value=\"es_ES\" \/><input type=\"hidden\" name=\"_wpcf7_unit_tag\" value=\"wpcf7-f2858-o1\" \/><input type=\"hidden\" name=\"_wpcf7_container_post\" value=\"0\" \/><input type=\"hidden\" name=\"_wpcf7_posted_data_hash\" value=\"\" \/>\n<\/fieldset>\n<div class=\"gdlr-core-input-wrap gdlr-core-large gdlr-core-full-width gdlr-core-with-column gdlr-core-no-border\">\n\t<div class=\"gdlr-core-column-60\">\n\t\t<p><label><span class=\"wpcf7-form-control-wrap\" data-name=\"your-name\"><input size=\"40\" maxlength=\"400\" class=\"wpcf7-form-control wpcf7-text wpcf7-validates-as-required\" aria-required=\"true\" aria-invalid=\"false\" placeholder=\"Nombre*\" value=\"\" type=\"text\" name=\"your-name\" \/><\/span><\/label>\n\t\t<\/p>\n\t<\/div>\n\t<div class=\"gdlr-core-column-60\">\n\t\t<p><label><span class=\"wpcf7-form-control-wrap\" data-name=\"your-email\"><input size=\"40\" maxlength=\"400\" class=\"wpcf7-form-control wpcf7-email wpcf7-validates-as-required wpcf7-text wpcf7-validates-as-email\" aria-required=\"true\" aria-invalid=\"false\" placeholder=\"Correo electr\u00f3nico*\" value=\"\" type=\"email\" name=\"your-email\" \/><\/span><\/label><label><\/label>\n\t\t<\/p>\n\t<\/div>\n\t<div class=\"gdlr-core-column-60\">\n\t\t<p><label><span class=\"wpcf7-form-control-wrap\" data-name=\"your-phone\"><input size=\"40\" maxlength=\"400\" class=\"wpcf7-form-control wpcf7-text wpcf7-validates-as-required\" aria-required=\"true\" aria-invalid=\"false\" placeholder=\"Tel\u00e9fono*\" value=\"\" type=\"text\" name=\"your-phone\" \/><\/span><\/label><label><\/label>\n\t\t<\/p>\n\t<\/div>\n\t<div class=\"gdlr-core-column-60\">\n\t\t<p><span class=\"wpcf7-form-control-wrap\" data-name=\"como-contactamos-228\"><select class=\"wpcf7-form-control wpcf7-select\" aria-invalid=\"false\" name=\"como-contactamos-228\"><option value=\"\">\u00bfC\u00f3mo contactamos contigo?<\/option><option value=\"Tel\u00e9fono\">Tel\u00e9fono<\/option><option value=\"WhatsApp\">WhatsApp<\/option><option value=\"Email\">Email<\/option><\/select><\/span>\n\t\t<\/p>\n\t<\/div>\n\t<div class=\"gdlr-core-column-60 clearfix\">\n\t\t<p><span class=\"wpcf7-form-control-wrap\" data-name=\"your-message\"><textarea cols=\"40\" rows=\"10\" maxlength=\"2000\" class=\"wpcf7-form-control wpcf7-textarea wpcf7-validates-as-required\" aria-required=\"true\" aria-invalid=\"false\" placeholder=\"Mensaje*\" name=\"your-message\"><\/textarea><\/span>\n\t\t<\/p>\n\t<\/div>\n\t<div class=\"gdlr-core-column-100 clearfix\">\n\t\t<p align=\"justify\" style=\"font-size:10px; color:#333333;\"><span class=\"wpcf7-form-control-wrap\" data-name=\"acceptance-168\"><span class=\"wpcf7-form-control wpcf7-acceptance\"><span class=\"wpcf7-list-item\"><input type=\"checkbox\" name=\"acceptance-168\" value=\"1\" aria-invalid=\"false\" \/><\/span><\/span><\/span> Al marcar esta casilla, el usuario declara haber le\u00eddo y estar de acuerdo con las condiciones expresadas en el <a href=\"http:\/\/www.octoeuropa.com\/aviso-legal\/\" target=\"blank_\" style=\"font-size:10px; color:#333333;\">\u201cAviso Legal\u201d<\/a> y la <a href=\"http:\/\/www.octoeuropa.com\/politica-privacidad\/\" target=\"blank_\" style=\"font-size:10px; color:#333333;\">\u201cPol\u00edtica de privacidad\u201d<\/a> de la presente Web.\n\t\t<\/p>\n\t<\/div>\n\t<div class=\"gdlr-core-column-60 gdlr-core-center-align\">\n\t\t<p><input class=\"wpcf7-form-control wpcf7-submit has-spinner gdlr-core-full\" type=\"submit\" value=\"Enviar\" \/>\n\t\t<\/p>\n\t<\/div>\n<\/div><p style=\"display: none !important;\" class=\"akismet-fields-container\" data-prefix=\"_wpcf7_ak_\"><label>&#916;<textarea name=\"_wpcf7_ak_hp_textarea\" cols=\"45\" rows=\"8\" maxlength=\"100\"><\/textarea><\/label><input type=\"hidden\" id=\"ak_js_1\" name=\"_wpcf7_ak_js\" value=\"146\"\/><script data-jetpack-boost=\"ignore\">\ndocument.getElementById( \"ak_js_1\" ).setAttribute( \"value\", ( new Date() ).getTime() );\n<\/script>\n<\/p><div class=\"wpcf7-response-output\" aria-hidden=\"true\"><\/div>\n<\/form>\n<\/div>\n[\/vc_column][\/vc_row][vc_row full_width=\u00a0\u00bbstretch_row_content_no_spaces\u00a0\u00bb equal_height=\u00a0\u00bbyes\u00a0\u00bb][vc_column][vc_gmaps link=\u00a0\u00bb#E-8_JTNDaWZyYW1lJTIwc3JjJTNEJTIyaHR0cHMlM0ElMkYlMkZ3d3cuZ29vZ2xlLmNvbSUyRm1hcHMlMkZlbWJlZCUzRnBiJTNEJTIxMW0xOCUyMTFtMTIlMjExbTMlMjExZDI5ODIuMjk1MjE5NjQ0NzcxNCUyMTJkMi4xNzAyNjAwMzI0NzM5MjQlMjEzZDQxLjYyNzc0OTgxMjg1MTA4NiUyMTJtMyUyMTFmMCUyMTJmMCUyMTNmMCUyMTNtMiUyMTFpMTAyNCUyMTJpNzY4JTIxNGYxMy4xJTIxM20zJTIxMW0yJTIxMXMweDEyYTRjMTE4YzJmZTBiN2IlMjUzQTB4ZTMxZmQ0MjM5NDA4MTdjNSUyMTJzT0NUTyUyNTIwRVVST1BBJTI1MjBTLkwlMjUyMC0lMjUyMEZhYnJpY2FudGUlMjUyMEVzbGluZ2FzJTIxNWUwJTIxM20yJTIxMXNlcyUyMTJzZXMlMjE0djE2NzEyMTUzOTg1OTYlMjE1bTIlMjExc2VzJTIxMnNlcyUyMiUyMHdpZHRoJTNEJTIyMTAwJTI1JTIyJTIwaGVpZ2h0JTNEJTIyNTUwJTIyJTIwc3R5bGUlM0QlMjJib3JkZXIlM0EwJTNCJTIyJTIwYWxsb3dmdWxsc2NyZWVuJTNEJTIyJTIyJTIwbG9hZGluZyUzRCUyMmxhenklMjIlMjByZWZlcnJlcnBvbGljeSUzRCUyMm5vLXJlZmVycmVyLXdoZW4tZG93bmdyYWRlJTIyJTNFJTNDJTJGaWZyYW1lJTNF\u00a0\u00bb css=\u00a0\u00bb.vc_custom_1671215420703{margin-top: 0px !important;margin-bottom: 0px !important;border-top-width: 0px !important;border-bottom-width: 0px !important;padding-top: 0px !important;padding-bottom: 0px !important;}\u00a0\u00bb][\/vc_column][\/vc_row]<\/p>\n<\/div>","protected":false},"excerpt":{"rendered":"<p>[vc_row][vc_column width=\u00a0\u00bb1\/2&Prime;][vc_raw_html css=\u00a0\u00bb\u00a0\u00bb]JTNDYiUzRUFkcmVzc2UlM0MlMkZiJTNFJTNDYnIlM0UlM0NpJTIwY2xhc3MlM0QlMjJmYXMlMjBmYS1tYXAtbWFya2VyLWFsdCUyMiUzRSUzQyUyRmklM0UlMjBab25lJTIwSW5kJTIwTGElMjBCb3JkYSUyQyUyMEdhcnJhZiUyMDE5JTJDJTIwZW50cmVwJUMzJUI0dCUyMDElM0NiciUzRTA4MTQwJTJDJTIwQ2FsZGVzJTIwZGUlMjBNb250YnVpJTIwJTI4QmFyY2Vsb25hJTI5JTNDYnIlM0UlM0NiciUzRSUwQSUwQSUzQ2IlM0VFLU1haWwlM0MlMkZiJTNFJTNDYnIlM0UlM0NpJTIwY2xhc3MlM0QlMjJmYXMlMjBmYS1lbnZlbG9wZS1vcGVuJTIyJTNFJTNDJTJGaSUzRSUyMGluZm8lNDBvY3RvZXVyb3BhLmNvbSUzQ2JyJTNFJTNDYnIlM0UlM0NiJTNFVCVDMyVBOWwlQzMlQTlwaG9uZSUzQyUyRmIlM0UlM0NiciUzRSUzQ2klMjBjbGFzcyUzRCUyMmZhcyUyMGZhLW1vYmlsZS1hbHQlMjIlM0UlM0MlMkZpJTNFJTIwJTJCMzQlMjA5MyUyMDg2NSUyMDU0JTIwNjQlM0NiciUzRSUzQ2JyJTNFJTNDYiUzRVdoYXRzQXBwJTNDJTJGYiUzRSUzQ2JyJTNFJTNDaSUyMGNsYXNzJTNEJTIyZmFiJTIwZmEtd2hhdHNhcHAlMjIlM0UlM0MlMkZpJTNFJTIwJTJCMzQlMjA2MzklMjAzOTAlMjA1MDMlM0NiciUzRQ==[\/vc_raw_html][vc_single_image image=\u00a0\u00bb2731&Prime; img_size=\u00a0\u00bbfull\u00a0\u00bb alignment=\u00a0\u00bbcenter\u00a0\u00bb style=\u00a0\u00bbvc_box_outline\u00a0\u00bb css=\u00a0\u00bb.vc_custom_1671380765873{margin-top: 40px !important;}\u00a0\u00bb][\/vc_column][vc_column width=\u00a0\u00bb1\/2&Prime; css=\u00a0\u00bb.vc_custom_1671215779578{margin-bottom: 55px !important;}\u00a0\u00bb][\/vc_column][\/vc_row][vc_row full_width=\u00a0\u00bbstretch_row_content_no_spaces\u00a0\u00bb equal_height=\u00a0\u00bbyes\u00a0\u00bb][vc_column][vc_gmaps link=\u00a0\u00bb#E-8_JTNDaWZyYW1lJTIwc3JjJTNEJTIyaHR0cHMlM0ElMkYlMkZ3d3cuZ29vZ2xlLmNvbSUyRm1hcHMlMkZlbWJlZCUzRnBiJTNEJTIxMW0xOCUyMTFtMTIlMjExbTMlMjExZDI5ODIuMjk1MjE5NjQ0NzcxNCUyMTJkMi4xNzAyNjAwMzI0NzM5MjQlMjEzZDQxLjYyNzc0OTgxMjg1MTA4NiUyMTJtMyUyMTFmMCUyMTJmMCUyMTNmMCUyMTNtMiUyMTFpMTAyNCUyMTJpNzY4JTIxNGYxMy4xJTIxM20zJTIxMW0yJTIxMXMweDEyYTRjMTE4YzJmZTBiN2IlMjUzQTB4ZTMxZmQ0MjM5NDA4MTdjNSUyMTJzT0NUTyUyNTIwRVVST1BBJTI1MjBTLkwlMjUyMC0lMjUyMEZhYnJpY2FudGUlMjUyMEVzbGluZ2FzJTIxNWUwJTIxM20yJTIxMXNlcyUyMTJzZXMlMjE0djE2NzEyMTUzOTg1OTYlMjE1bTIlMjExc2VzJTIxMnNlcyUyMiUyMHdpZHRoJTNEJTIyMTAwJTI1JTIyJTIwaGVpZ2h0JTNEJTIyNTUwJTIyJTIwc3R5bGUlM0QlMjJib3JkZXIlM0EwJTNCJTIyJTIwYWxsb3dmdWxsc2NyZWVuJTNEJTIyJTIyJTIwbG9hZGluZyUzRCUyMmxhenklMjIlMjByZWZlcnJlcnBvbGljeSUzRCUyMm5vLXJlZmVycmVyLXdoZW4tZG93bmdyYWRlJTIyJTNFJTNDJTJGaWZyYW1lJTNF\u00a0\u00bb css=\u00a0\u00bb.vc_custom_1671215420703{margin-top: 0px !important;margin-bottom: 0px !important;border-top-width: 0px !important;border-bottom-width: 0px !important;padding-top: 0px !important;padding-bottom: 0px !important;}\u00a0\u00bb][\/vc_column][\/vc_row]<\/p>\n","protected":false},"author":4,"featured_media":0,"parent":0,"menu_order":0,"comment_status":"closed","ping_status":"closed","template":"","meta":{"_joinchat":[],"footnotes":""},"class_list":["post-3525","page","type-page","status-publish","hentry","description-off"],"jetpack_sharing_enabled":true,"_links":{"self":[{"href":"https:\/\/www.octoeuropa.com\/fr\/wp-json\/wp\/v2\/pages\/3525","targetHints":{"allow":["GET"]}}],"collection":[{"href":"https:\/\/www.octoeuropa.com\/fr\/wp-json\/wp\/v2\/pages"}],"about":[{"href":"https:\/\/www.octoeuropa.com\/fr\/wp-json\/wp\/v2\/types\/page"}],"author":[{"embeddable":true,"href":"https:\/\/www.octoeuropa.com\/fr\/wp-json\/wp\/v2\/users\/4"}],"replies":[{"embeddable":true,"href":"https:\/\/www.octoeuropa.com\/fr\/wp-json\/wp\/v2\/comments?post=3525"}],"version-history":[{"count":4,"href":"https:\/\/www.octoeuropa.com\/fr\/wp-json\/wp\/v2\/pages\/3525\/revisions"}],"predecessor-version":[{"id":3533,"href":"https:\/\/www.octoeuropa.com\/fr\/wp-json\/wp\/v2\/pages\/3525\/revisions\/3533"}],"wp:attachment":[{"href":"https:\/\/www.octoeuropa.com\/fr\/wp-json\/wp\/v2\/media?parent=3525"}],"curies":[{"name":"wp","href":"https:\/\/api.w.org\/{rel}","templated":true}]}}